{"id":23,"date":"2011-08-15T15:07:43","date_gmt":"2011-08-15T15:07:43","guid":{"rendered":"http:\/\/www.restodutennis.ch\/dev\/wordpress\/?page_id=23"},"modified":"2023-02-23T08:12:36","modified_gmt":"2023-02-23T08:12:36","slug":"les-specialites","status":"publish","type":"page","link":"https:\/\/www.restodutennis.ch\/?page_id=23","title":{"rendered":"Les sp\u00e9cialit\u00e9s"},"content":{"rendered":"<h2><\/h2>\n<h2><span style=\"text-decoration: underline;\">Sur Ardoise<\/span><\/h2>\n<ul>\n<li>\n<h3>Entrec\u00f4te de b\u0153uf\u00a0 (env. 200gr), 40frs.<\/h3>\n<\/li>\n<li>\n<h3>Entrec\u00f4te de b\u0153uf\u00a0 (env. 400gr),60.00frs.<\/h3>\n<\/li>\n<li>\n<h3>Filet de b\u0153uf (env. 200gr), 45frs.<\/h3>\n<\/li>\n<\/ul>\n<h4><em>Les viandes sont accompagn\u00e9es de pommes frites et de trois beurres faits maison: \u00e0 l&rsquo;ail, caf\u00e9 de Paris, mexicaine et au poivre.<\/em><\/h4>\n<h2><em>Les cuisses de grenouilles 38.00 frs<\/em><\/h2>\n<h2><span style=\"text-decoration: underline;\">Les Fondues<\/span><\/h2>\n<div>\n<ul>\n<li>\n<h3>Fondue au fromage, 22frs.<\/h3>\n<\/li>\n<li>\n<h3>La Fondue bourguignonne, 38frs.<\/h3>\n<\/li>\n<li>\n<h3>La fondue chinoise avec viande fra\u00eeche et l\u00e9gumes frais, 38frs.<\/h3>\n<\/li>\n<\/ul>\n<\/div>\n<p>&nbsp;<\/p>\n","protected":false},"excerpt":{"rendered":"<p>Sur Ardoise Entrec\u00f4te de b\u0153uf\u00a0 (env. 200gr), 40frs. Entrec\u00f4te de b\u0153uf\u00a0 (env. 400gr),60.00frs. Filet de b\u0153uf (env. 200gr), 45frs. Les viandes sont accompagn\u00e9es de pommes frites et de trois beurres faits maison: \u00e0 l&rsquo;ail, caf\u00e9 de Paris, mexicaine et au poivre. Les cuisses de grenouilles 38.00 frs Les Fondues Fondue au fromage, 22frs. La Fondue [&hellip;]<\/p>\n","protected":false},"author":1,"featured_media":0,"parent":0,"menu_order":0,"comment_status":"open","ping_status":"open","template":"","meta":[],"_links":{"self":[{"href":"https:\/\/www.restodutennis.ch\/index.php?rest_route=\/wp\/v2\/pages\/23"}],"collection":[{"href":"https:\/\/www.restodutennis.ch\/index.php?rest_route=\/wp\/v2\/pages"}],"about":[{"href":"https:\/\/www.restodutennis.ch\/index.php?rest_route=\/wp\/v2\/types\/page"}],"author":[{"embeddable":true,"href":"https:\/\/www.restodutennis.ch\/index.php?rest_route=\/wp\/v2\/users\/1"}],"replies":[{"embeddable":true,"href":"https:\/\/www.restodutennis.ch\/index.php?rest_route=%2Fwp%2Fv2%2Fcomments&post=23"}],"version-history":[{"count":38,"href":"https:\/\/www.restodutennis.ch\/index.php?rest_route=\/wp\/v2\/pages\/23\/revisions"}],"predecessor-version":[{"id":418,"href":"https:\/\/www.restodutennis.ch\/index.php?rest_route=\/wp\/v2\/pages\/23\/revisions\/418"}],"wp:attachment":[{"href":"https:\/\/www.restodutennis.ch\/index.php?rest_route=%2Fwp%2Fv2%2Fmedia&parent=23"}],"curies":[{"name":"wp","href":"https:\/\/api.w.org\/{rel}","templated":true}]}}