{"id":163,"date":"2011-08-23T12:19:54","date_gmt":"2011-08-23T12:19:54","guid":{"rendered":"http:\/\/www.restodutennis.ch\/dev\/wordpress\/?page_id=163"},"modified":"2024-12-19T20:59:11","modified_gmt":"2024-12-19T20:59:11","slug":"liens","status":"publish","type":"page","link":"https:\/\/www.restodutennis.ch\/?page_id=163","title":{"rendered":"Liens"},"content":{"rendered":"<p>&nbsp;<\/p>\n<h3><span style=\"text-decoration: underline;\">Petit clin d&rsquo;oeil amical \u00e0 nos fid\u00e8les clients :<\/span><\/h3>\n<h3><a href=\"http:\/\/www.dogmotivation.ch\/\" target=\"_blank\" rel=\"noopener\">Dog Motivation<\/a><\/h3>\n<h3><a href=\"http:\/\/www.tcbbb.ch\/\" target=\"_blank\" rel=\"noopener\">Tennis Club B\u00e9roche-Bevaix-Boudry<\/a><\/h3>\n<h3><a href=\"https:\/\/www.caves-beroche.ch\/\" target=\"_blank\" rel=\"noopener\">Cave de la B\u00e9roche<\/a><\/h3>\n<h3><a title=\"Vins Keller\" href=\"http:\/\/www.vins-keller.ch\/\" target=\"_blank\" rel=\"noopener\">Vins Keller &#8211; Vaumarcus<\/a><\/h3>\n<h3><a href=\"http:\/\/www.nicoletvins.ch\/\" target=\"_blank\" rel=\"noopener\">Nicolet Vins, Bevaix<\/a><\/h3>\n<h3><a href=\"https:\/\/www.skyautomobiles.ch\/home\/\" target=\"_blank\" rel=\"noopener\">Sky Automobiles, Bevaix<\/a><\/h3>\n<h3><a href=\"https:\/\/www.garage-att.ch\/\" target=\"_blank\" rel=\"noopener\">Garage ATT, Cortaillod<\/a><\/h3>\n<p>&nbsp;<\/p>\n<p>&nbsp;<\/p>\n<p>&nbsp;<\/p>\n<p>&nbsp;<\/p>\n","protected":false},"excerpt":{"rendered":"<p>&nbsp; Petit clin d&rsquo;oeil amical \u00e0 nos fid\u00e8les clients : Dog Motivation Tennis Club B\u00e9roche-Bevaix-Boudry Cave de la B\u00e9roche Vins Keller &#8211; Vaumarcus Nicolet Vins, Bevaix Sky Automobiles, Bevaix Garage ATT, Cortaillod &nbsp; &nbsp; &nbsp; &nbsp;<\/p>\n","protected":false},"author":1,"featured_media":0,"parent":0,"menu_order":0,"comment_status":"open","ping_status":"open","template":"","meta":[],"_links":{"self":[{"href":"https:\/\/www.restodutennis.ch\/index.php?rest_route=\/wp\/v2\/pages\/163"}],"collection":[{"href":"https:\/\/www.restodutennis.ch\/index.php?rest_route=\/wp\/v2\/pages"}],"about":[{"href":"https:\/\/www.restodutennis.ch\/index.php?rest_route=\/wp\/v2\/types\/page"}],"author":[{"embeddable":true,"href":"https:\/\/www.restodutennis.ch\/index.php?rest_route=\/wp\/v2\/users\/1"}],"replies":[{"embeddable":true,"href":"https:\/\/www.restodutennis.ch\/index.php?rest_route=%2Fwp%2Fv2%2Fcomments&post=163"}],"version-history":[{"count":19,"href":"https:\/\/www.restodutennis.ch\/index.php?rest_route=\/wp\/v2\/pages\/163\/revisions"}],"predecessor-version":[{"id":468,"href":"https:\/\/www.restodutennis.ch\/index.php?rest_route=\/wp\/v2\/pages\/163\/revisions\/468"}],"wp:attachment":[{"href":"https:\/\/www.restodutennis.ch\/index.php?rest_route=%2Fwp%2Fv2%2Fmedia&parent=163"}],"curies":[{"name":"wp","href":"https:\/\/api.w.org\/{rel}","templated":true}]}}