{"id":16,"date":"2011-08-15T15:04:51","date_gmt":"2011-08-15T15:04:51","guid":{"rendered":"http:\/\/www.restodutennis.ch\/dev\/wordpress\/?page_id=16"},"modified":"2023-02-23T08:09:10","modified_gmt":"2023-02-23T08:09:10","slug":"les-vegetariens","status":"publish","type":"page","link":"https:\/\/www.restodutennis.ch\/?page_id=16","title":{"rendered":"Les v\u00e9g\u00e9tariens"},"content":{"rendered":"<table border=\"0\" frame=\"VOID\" rules=\"NONE\" cellspacing=\"0\">\n<colgroup>\n<col width=\"401\" \/>\n<col width=\"33\" \/>\n<col width=\"43\" \/><\/colgroup>\n<tbody>\n<tr>\n<td align=\"LEFT\" width=\"401\" height=\"34\"><strong><span style=\"font-size: large;\">\u00a0<\/span><\/strong><\/td>\n<td align=\"LEFT\" width=\"33\"><\/td>\n<td align=\"LEFT\" width=\"43\"><\/td>\n<\/tr>\n<tr>\n<td align=\"LEFT\" height=\"17\"><\/td>\n<td align=\"LEFT\"><\/td>\n<td align=\"LEFT\"><\/td>\n<\/tr>\n<tr>\n<td align=\"LEFT\" height=\"17\"><\/td>\n<td align=\"LEFT\"><\/td>\n<td align=\"LEFT\"><\/td>\n<\/tr>\n<tr>\n<td align=\"LEFT\" height=\"39\"><\/td>\n<td align=\"LEFT\"><\/td>\n<td align=\"RIGHT\"><\/td>\n<\/tr>\n<tr>\n<td align=\"LEFT\" height=\"39\"><span style=\"font-size: medium;\">Assiette v\u00e9g\u00e9tarienne (tandoori de l\u00e9gumes et pain plat)<\/span><\/td>\n<td align=\"LEFT\"><span style=\"font-size: medium;\">CHF<\/span><\/td>\n<td align=\"RIGHT\"><span style=\"font-size: medium;\">24.00<\/span><\/td>\n<\/tr>\n<tr>\n<td align=\"LEFT\" height=\"39\"><\/td>\n<td align=\"LEFT\"><\/td>\n<td align=\"RIGHT\"><\/td>\n<\/tr>\n<\/tbody>\n<\/table>\n","protected":false},"excerpt":{"rendered":"<p>\u00a0 Assiette v\u00e9g\u00e9tarienne (tandoori de l\u00e9gumes et pain plat) CHF 24.00<\/p>\n","protected":false},"author":1,"featured_media":0,"parent":0,"menu_order":0,"comment_status":"open","ping_status":"open","template":"","meta":[],"_links":{"self":[{"href":"https:\/\/www.restodutennis.ch\/index.php?rest_route=\/wp\/v2\/pages\/16"}],"collection":[{"href":"https:\/\/www.restodutennis.ch\/index.php?rest_route=\/wp\/v2\/pages"}],"about":[{"href":"https:\/\/www.restodutennis.ch\/index.php?rest_route=\/wp\/v2\/types\/page"}],"author":[{"embeddable":true,"href":"https:\/\/www.restodutennis.ch\/index.php?rest_route=\/wp\/v2\/users\/1"}],"replies":[{"embeddable":true,"href":"https:\/\/www.restodutennis.ch\/index.php?rest_route=%2Fwp%2Fv2%2Fcomments&post=16"}],"version-history":[{"count":12,"href":"https:\/\/www.restodutennis.ch\/index.php?rest_route=\/wp\/v2\/pages\/16\/revisions"}],"predecessor-version":[{"id":417,"href":"https:\/\/www.restodutennis.ch\/index.php?rest_route=\/wp\/v2\/pages\/16\/revisions\/417"}],"wp:attachment":[{"href":"https:\/\/www.restodutennis.ch\/index.php?rest_route=%2Fwp%2Fv2%2Fmedia&parent=16"}],"curies":[{"name":"wp","href":"https:\/\/api.w.org\/{rel}","templated":true}]}}