{"id":13,"date":"2011-08-15T15:03:59","date_gmt":"2011-08-15T15:03:59","guid":{"rendered":"http:\/\/www.restodutennis.ch\/dev\/wordpress\/?page_id=13"},"modified":"2024-01-03T17:46:47","modified_gmt":"2024-01-03T17:46:47","slug":"les-poissons","status":"publish","type":"page","link":"https:\/\/www.restodutennis.ch\/?page_id=13","title":{"rendered":"Les poissons"},"content":{"rendered":"<table border=\"0\" frame=\"VOID\" rules=\"NONE\" cellspacing=\"0\">\n<colgroup>\n<col width=\"319\" \/>\n<col width=\"41\" \/>\n<col width=\"28\" \/><\/colgroup>\n<tbody>\n<tr>\n<td align=\"LEFT\" width=\"319\" height=\"34\"><strong><span style=\"font-size: large;\">\u00a0<\/span><\/strong><\/td>\n<td align=\"LEFT\" width=\"41\"><\/td>\n<td align=\"LEFT\" width=\"28\"><\/td>\n<\/tr>\n<tr>\n<td align=\"LEFT\" height=\"17\"><\/td>\n<td align=\"LEFT\"><\/td>\n<td align=\"LEFT\"><\/td>\n<\/tr>\n<tr>\n<td align=\"LEFT\" height=\"17\"><\/td>\n<td align=\"LEFT\"><\/td>\n<td align=\"LEFT\"><\/td>\n<\/tr>\n<tr>\n<td align=\"LEFT\" height=\"39\"><span style=\"font-size: medium;\">Crevettes au curry<\/span><\/td>\n<td align=\"LEFT\"><span style=\"font-size: medium;\">CHF<\/span><\/td>\n<td align=\"RIGHT\"><span style=\"font-size: medium;\">34.00<\/span><\/td>\n<\/tr>\n<tr>\n<td align=\"LEFT\" height=\"39\"><span style=\"font-size: medium;\">Sole meuni\u00e8re de l&rsquo;Atlantique<\/span><\/td>\n<td align=\"LEFT\"><\/td>\n<td align=\"RIGHT\"><\/td>\n<\/tr>\n<tr>\n<td align=\"LEFT\" height=\"39\"><span style=\"font-size: medium;\">Filets de perches meuni\u00e8res 150g<\/span><\/td>\n<td align=\"LEFT\"><span style=\"font-size: medium;\">CHF<\/span><\/td>\n<td align=\"RIGHT\"><span style=\"font-size: medium;\">30.00<\/span><\/td>\n<\/tr>\n<tr>\n<td align=\"LEFT\" height=\"39\"><span style=\"font-size: medium;\">Filets de perches meuni\u00e8res 200g<\/span><\/td>\n<td align=\"LEFT\"><span style=\"font-size: medium;\">CHF<\/span><\/td>\n<td align=\"RIGHT\"><span style=\"font-size: medium;\">34.00<\/span><\/td>\n<\/tr>\n<\/tbody>\n<\/table>\n","protected":false},"excerpt":{"rendered":"<p>\u00a0 Crevettes au curry CHF 34.00 Sole meuni\u00e8re de l&rsquo;Atlantique Filets de perches meuni\u00e8res 150g CHF 30.00 Filets de perches meuni\u00e8res 200g CHF 34.00<\/p>\n","protected":false},"author":1,"featured_media":0,"parent":0,"menu_order":0,"comment_status":"open","ping_status":"closed","template":"","meta":[],"_links":{"self":[{"href":"https:\/\/www.restodutennis.ch\/index.php?rest_route=\/wp\/v2\/pages\/13"}],"collection":[{"href":"https:\/\/www.restodutennis.ch\/index.php?rest_route=\/wp\/v2\/pages"}],"about":[{"href":"https:\/\/www.restodutennis.ch\/index.php?rest_route=\/wp\/v2\/types\/page"}],"author":[{"embeddable":true,"href":"https:\/\/www.restodutennis.ch\/index.php?rest_route=\/wp\/v2\/users\/1"}],"replies":[{"embeddable":true,"href":"https:\/\/www.restodutennis.ch\/index.php?rest_route=%2Fwp%2Fv2%2Fcomments&post=13"}],"version-history":[{"count":9,"href":"https:\/\/www.restodutennis.ch\/index.php?rest_route=\/wp\/v2\/pages\/13\/revisions"}],"predecessor-version":[{"id":454,"href":"https:\/\/www.restodutennis.ch\/index.php?rest_route=\/wp\/v2\/pages\/13\/revisions\/454"}],"wp:attachment":[{"href":"https:\/\/www.restodutennis.ch\/index.php?rest_route=%2Fwp%2Fv2%2Fmedia&parent=13"}],"curies":[{"name":"wp","href":"https:\/\/api.w.org\/{rel}","templated":true}]}}